{"id":29436,"date":"2022-04-12T11:00:35","date_gmt":"2022-04-12T11:00:35","guid":{"rendered":"http:\/\/demo-install.wpestate.org\/?page_id=29436"},"modified":"2025-12-07T17:21:54","modified_gmt":"2025-12-07T17:21:54","slug":"about-us","status":"publish","type":"page","link":"https:\/\/avenuerealestatealbania.com\/sq\/about-us\/","title":{"rendered":"Rreth Nesh"},"content":{"rendered":"<div data-elementor-type=\"wp-page\" data-elementor-id=\"29436\" class=\"elementor elementor-29436\">\n\t\t\t\t<div class=\"elementor-element elementor-element-79d0ae1 e-con-full ar-bred-bg e-flex e-con e-parent\" data-id=\"79d0ae1\" data-element_type=\"container\">\n\t\t\t\t<div class=\"elementor-element elementor-element-7a9016d elementor-widget elementor-widget-heading\" data-id=\"7a9016d\" data-element_type=\"widget\" data-widget_type=\"heading.default\">\n\t\t\t\t\t<h2 class=\"elementor-heading-title elementor-size-default\">Rreth Nesh<\/h2>\t\t\t\t<\/div>\n\t\t\t\t<\/div>\n\t\t<div class=\"elementor-element elementor-element-fbfbe9c e-flex e-con-boxed e-con e-parent\" data-id=\"fbfbe9c\" data-element_type=\"container\">\n\t\t\t\t\t<div class=\"e-con-inner\">\n\t\t<div class=\"elementor-element elementor-element-ec098b1 e-con-full e-flex e-con e-child\" data-id=\"ec098b1\" data-element_type=\"container\">\n\t\t\t\t<div class=\"elementor-element elementor-element-44c29e5 elementor-invisible elementor-widget elementor-widget-heading\" data-id=\"44c29e5\" data-element_type=\"widget\" data-settings=\"{&quot;_animation&quot;:&quot;fadeIn&quot;,&quot;_animation_delay&quot;:200}\" data-widget_type=\"heading.default\">\n\t\t\t\t\t<h2 class=\"elementor-heading-title elementor-size-default\">M\u00eb shum\u00eb rreth nesh<\/h2>\t\t\t\t<\/div>\n\t\t\t\t<\/div>\n\t\t<div class=\"elementor-element elementor-element-7b324a0 e-con-full e-flex e-con e-child\" data-id=\"7b324a0\" data-element_type=\"container\">\n\t\t\t\t<div class=\"elementor-element elementor-element-6922475 elementor-widget elementor-widget-text-editor\" data-id=\"6922475\" data-element_type=\"widget\" data-widget_type=\"text-editor.default\">\n\t\t\t\t\t\t\t\t\t<p><strong>Avenue Real Estate Albania<\/strong> \u00ebsht\u00eb nj\u00eb kompani e specializuar n\u00eb fush\u00ebn e pasurive t\u00eb paluajtshme n\u00eb Shqip\u00ebri.<br \/>T\u00eb themeluar n\u00eb vitin 2019, ne kemi nj\u00eb p\u00ebrvoj\u00eb t\u00eb gjat\u00eb dhe t\u00eb konsoliduar n\u00eb tregun e pasurive t\u00eb paluajtshme, duke nd\u00ebrtuar nj\u00eb portofol t\u00eb pasur pronash t\u00eb p\u00ebrshtatura sipas nevojave t\u00eb klient\u00ebve tan\u00eb - apartamente moderne, vila luksoze, ambiente tregtare, apartamente pushimi dhe toka t\u00eb kategorive t\u00eb ndryshme.<\/p><p><strong>Me nj\u00eb prani n\u00eb zonat m\u00eb t\u00eb k\u00ebrkuara n\u00eb vend, pronat tona ndodhen n\u00eb:<\/strong><\/p><ul><li><strong>Tirana<\/strong> \u2013 rezidenca moderne, ambiente biznesi, parcela investimi<\/li><li><strong>Durr\u00ebs<\/strong> \u2013 tok\u00eb pran\u00eb detit, projekte zhvillimi, investime dhe apartamente banimi<\/li><li><strong>Vlor\u00eb<\/strong> \u2013 zona bregdetare elitare dhe projekte t\u00eb reja<\/li><li><strong>Saranda<\/strong> \u2013 apartamente panoramike, tok\u00eb p\u00ebr resorte dhe investime t\u00eb m\u00ebdha<\/li><li><strong>Shkod\u00ebr<\/strong> \u2014apartamente, ambiente biznesi, parcela investimi<\/li><li><strong>Sh\u00ebngjin<\/strong> \u2014 zona bregdetare elitare dhe projekte t\u00eb reja<\/li><\/ul><p>Ne ofrojm\u00eb sh\u00ebrbime profesionale n\u00eb shitje, blerje dhe qira, duke kombinuar ekspertiz\u00ebn e tregut me teknikat m\u00eb moderne t\u00eb marketingut: video prezantimi, dron\u00eb, branding elegant dhe komunikim efikas.<\/p><p><strong>\u00c7far\u00eb na dallon?<\/strong><\/p><ul><li>Transparenc\u00eb dhe integritet n\u00eb \u00e7do proces<\/li><li>Analiz\u00eb e detajuar e tregut dhe vler\u00ebsim profesional i pronave dhe tokave<\/li><li>Portofol i gjer\u00eb dhe i p\u00ebrdit\u00ebsuar<\/li><li>Negocim efikas p\u00ebr marr\u00ebveshjen m\u00eb t\u00eb favorshme<\/li><li>Sh\u00ebrbim i personalizuar dhe ndjekje deri n\u00eb finalizimin e kontrat\u00ebs<\/li><\/ul><p>Misioni yn\u00eb \u00ebsht\u00eb t\u00eb ofrojm\u00eb nj\u00eb p\u00ebrvoj\u00eb t\u00eb besueshme, t\u00eb thjesht\u00eb dhe bashk\u00ebkohore p\u00ebr \u00e7do klient, duke sjell\u00eb nj\u00eb standard t\u00eb ri n\u00eb tregun shqiptar t\u00eb pasurive t\u00eb paluajtshme.<\/p><p><strong>Avenue Real Estate Albania \u2013 Partneri juaj i besuesh\u00ebm p\u00ebr prona dhe toka me vler\u00eb.<\/strong><\/p>\t\t\t\t\t\t\t\t<\/div>\n\t\t\t\t<\/div>\n\t\t\t\t\t<\/div>\n\t\t\t\t<\/div>\n\t\t\t\t<\/div>","protected":false},"excerpt":{"rendered":"<p>About Us More about us Avenue Real Estate Albania is a company specialized in the field of real estate in Albania.Founded in 2019, we have a long and consolidated experience in the real estate market, building a rich portfolio of properties tailored to the needs of our clients \u2013 modern apartments, luxury villas, commercial premises, holiday apartments and land of various categories. With a &#8230;<\/p>","protected":false},"author":1,"featured_media":0,"parent":0,"menu_order":0,"comment_status":"closed","ping_status":"closed","template":"elementor_header_footer","meta":{"inline_featured_image":false,"footnotes":""},"class_list":["post-29436","page","type-page","status-publish","hentry"],"_links":{"self":[{"href":"https:\/\/avenuerealestatealbania.com\/sq\/wp-json\/wp\/v2\/pages\/29436","targetHints":{"allow":["GET"]}}],"collection":[{"href":"https:\/\/avenuerealestatealbania.com\/sq\/wp-json\/wp\/v2\/pages"}],"about":[{"href":"https:\/\/avenuerealestatealbania.com\/sq\/wp-json\/wp\/v2\/types\/page"}],"author":[{"embeddable":true,"href":"https:\/\/avenuerealestatealbania.com\/sq\/wp-json\/wp\/v2\/users\/1"}],"replies":[{"embeddable":true,"href":"https:\/\/avenuerealestatealbania.com\/sq\/wp-json\/wp\/v2\/comments?post=29436"}],"version-history":[{"count":36,"href":"https:\/\/avenuerealestatealbania.com\/sq\/wp-json\/wp\/v2\/pages\/29436\/revisions"}],"predecessor-version":[{"id":31941,"href":"https:\/\/avenuerealestatealbania.com\/sq\/wp-json\/wp\/v2\/pages\/29436\/revisions\/31941"}],"wp:attachment":[{"href":"https:\/\/avenuerealestatealbania.com\/sq\/wp-json\/wp\/v2\/media?parent=29436"}],"curies":[{"name":"wp","href":"https:\/\/api.w.org\/{rel}","templated":true}]}}