{"id":29111,"date":"2021-12-10T10:18:31","date_gmt":"2021-12-10T10:18:31","guid":{"rendered":"https:\/\/wpestate1.wpestate.info\/?page_id=29111"},"modified":"2025-12-07T17:22:36","modified_gmt":"2025-12-07T17:22:36","slug":"contact","status":"publish","type":"page","link":"https:\/\/avenuerealestatealbania.com\/sq\/contact\/","title":{"rendered":"Kontakti"},"content":{"rendered":"<div data-elementor-type=\"wp-page\" data-elementor-id=\"29111\" class=\"elementor elementor-29111\">\n\t\t\t\t<div class=\"elementor-element elementor-element-a2e7240 e-con-full ar-bred-bg e-flex e-con e-parent\" data-id=\"a2e7240\" data-element_type=\"container\">\n\t\t\t\t<div class=\"elementor-element elementor-element-2fbba9d elementor-widget elementor-widget-heading\" data-id=\"2fbba9d\" data-element_type=\"widget\" data-widget_type=\"heading.default\">\n\t\t\t\t\t<h2 class=\"elementor-heading-title elementor-size-default\">Na Kontaktoni<\/h2>\t\t\t\t<\/div>\n\t\t\t\t<\/div>\n\t\t\t\t<section class=\"elementor-section elementor-top-section elementor-element elementor-element-7e8d58e0 elementor-section-stretched elementor-section-boxed elementor-section-height-default elementor-section-height-default\" data-id=\"7e8d58e0\" data-element_type=\"section\" data-settings=\"{&quot;stretch_section&quot;:&quot;section-stretched&quot;,&quot;background_background&quot;:&quot;classic&quot;}\">\n\t\t\t\t\t\t\t<div class=\"elementor-background-overlay\"><\/div>\n\t\t\t\t\t\t\t<div class=\"elementor-container elementor-column-gap-no\">\n\t\t\t\t\t<div class=\"elementor-column elementor-col-50 elementor-top-column elementor-element elementor-element-1ab3155\" data-id=\"1ab3155\" data-element_type=\"column\">\n\t\t\t<div class=\"elementor-widget-wrap elementor-element-populated\">\n\t\t\t\t\t\t<div class=\"elementor-element elementor-element-2172ea6 elementor-widget elementor-widget-text-editor\" data-id=\"2172ea6\" data-element_type=\"widget\" data-widget_type=\"text-editor.default\">\n\t\t\t\t\t\t\t\t\t<p>Na kontaktoni<\/p>\t\t\t\t\t\t\t\t<\/div>\n\t\t\t\t<div class=\"elementor-element elementor-element-19b42fe1 elementor-widget elementor-widget-text-editor\" data-id=\"19b42fe1\" data-element_type=\"widget\" data-widget_type=\"text-editor.default\">\n\t\t\t\t\t\t\t\t\t<p>Angazhohuni me agjent\u00ebt tan\u00eb profesionist\u00eb t\u00eb pasurive t\u00eb paluajtshme p\u00ebr t\u00eb shitur, bler\u00eb ose dh\u00ebn\u00eb me qira sht\u00ebpin\u00eb tuaj. Merrni email-e direkt n\u00eb kutin\u00eb tuaj postare dhe menaxhoni klient\u00ebt potencial\u00eb me CRM t\u00eb integruar n\u00eb tem\u00eb.\u00a0<\/p>\t\t\t\t\t\t\t\t<\/div>\n\t\t\t\t<div class=\"elementor-element elementor-element-60b51a16 elementor-align-left elementor-icon-list--layout-traditional elementor-list-item-link-full_width elementor-widget elementor-widget-icon-list\" data-id=\"60b51a16\" data-element_type=\"widget\" data-widget_type=\"icon-list.default\">\n\t\t\t\t\t\t\t<ul class=\"elementor-icon-list-items\">\n\t\t\t\t\t\t\t<li class=\"elementor-icon-list-item\">\n\t\t\t\t\t\t\t\t\t\t\t<span class=\"elementor-icon-list-icon\">\n\t\t\t\t\t\t\t<svg aria-hidden=\"true\" class=\"e-font-icon-svg e-far-building\" viewbox=\"0 0 448 512\" xmlns=\"http:\/\/www.w3.org\/2000\/svg\"><path d=\"M128 148v-40c0-6.6 5.4-12 12-12h40c6.6 0 12 5.4 12 12v40c0 6.6-5.4 12-12 12h-40c-6.6 0-12-5.4-12-12zm140 12h40c6.6 0 12-5.4 12-12v-40c0-6.6-5.4-12-12-12h-40c-6.6 0-12 5.4-12 12v40c0 6.6 5.4 12 12 12zm-128 96h40c6.6 0 12-5.4 12-12v-40c0-6.6-5.4-12-12-12h-40c-6.6 0-12 5.4-12 12v40c0 6.6 5.4 12 12 12zm128 0h40c6.6 0 12-5.4 12-12v-40c0-6.6-5.4-12-12-12h-40c-6.6 0-12 5.4-12 12v40c0 6.6 5.4 12 12 12zm-76 84v-40c0-6.6-5.4-12-12-12h-40c-6.6 0-12 5.4-12 12v40c0 6.6 5.4 12 12 12h40c6.6 0 12-5.4 12-12zm76 12h40c6.6 0 12-5.4 12-12v-40c0-6.6-5.4-12-12-12h-40c-6.6 0-12 5.4-12 12v40c0 6.6 5.4 12 12 12zm180 124v36H0v-36c0-6.6 5.4-12 12-12h19.5V24c0-13.3 10.7-24 24-24h337c13.3 0 24 10.7 24 24v440H436c6.6 0 12 5.4 12 12zM79.5 463H192v-67c0-6.6 5.4-12 12-12h40c6.6 0 12 5.4 12 12v67h112.5V49L80 48l-.5 415z\"><\/path><\/svg>\t\t\t\t\t\t<\/span>\n\t\t\t\t\t\t\t\t\t\t<span class=\"elementor-icon-list-text\">Bajram Curri Blvd 56, Tiran\u00eb, Albania<\/span>\n\t\t\t\t\t\t\t\t\t<\/li>\n\t\t\t\t\t\t\t\t<li class=\"elementor-icon-list-item\">\n\t\t\t\t\t\t\t\t\t\t\t<a href=\"tel:+3550697002229\">\n\n\t\t\t\t\t\t\t\t\t\t\t\t<span class=\"elementor-icon-list-icon\">\n\t\t\t\t\t\t\t<svg aria-hidden=\"true\" class=\"e-font-icon-svg e-fas-phone\" viewbox=\"0 0 512 512\" xmlns=\"http:\/\/www.w3.org\/2000\/svg\"><path d=\"M493.4 24.6l-104-24c-11.3-2.6-22.9 3.3-27.5 13.9l-48 112c-4.2 9.8-1.4 21.3 6.9 28l60.6 49.6c-36 76.7-98.9 140.5-177.2 177.2l-49.6-60.6c-6.8-8.3-18.2-11.1-28-6.9l-112 48C3.9 366.5-2 378.1.6 389.4l24 104C27.1 504.2 36.7 512 48 512c256.1 0 464-207.5 464-464 0-11.2-7.7-20.9-18.6-23.4z\"><\/path><\/svg>\t\t\t\t\t\t<\/span>\n\t\t\t\t\t\t\t\t\t\t<span class=\"elementor-icon-list-text\">+3550697002229<\/span>\n\t\t\t\t\t\t\t\t\t\t\t<\/a>\n\t\t\t\t\t\t\t\t\t<\/li>\n\t\t\t\t\t\t\t\t<li class=\"elementor-icon-list-item\">\n\t\t\t\t\t\t\t\t\t\t\t<a href=\"mailto:avenueapartmentstirana@gmail.com\">\n\n\t\t\t\t\t\t\t\t\t\t\t\t<span class=\"elementor-icon-list-icon\">\n\t\t\t\t\t\t\t<svg aria-hidden=\"true\" class=\"e-font-icon-svg e-far-envelope\" viewbox=\"0 0 512 512\" xmlns=\"http:\/\/www.w3.org\/2000\/svg\"><path d=\"M464 64H48C21.49 64 0 85.49 0 112v288c0 26.51 21.49 48 48 48h416c26.51 0 48-21.49 48-48V112c0-26.51-21.49-48-48-48zm0 48v40.805c-22.422 18.259-58.168 46.651-134.587 106.49-16.841 13.247-50.201 45.072-73.413 44.701-23.208.375-56.579-31.459-73.413-44.701C106.18 199.465 70.425 171.067 48 152.805V112h416zM48 400V214.398c22.914 18.251 55.409 43.862 104.938 82.646 21.857 17.205 60.134 55.186 103.062 54.955 42.717.231 80.509-37.199 103.053-54.947 49.528-38.783 82.032-64.401 104.947-82.653V400H48z\"><\/path><\/svg>\t\t\t\t\t\t<\/span>\n\t\t\t\t\t\t\t\t\t\t<span class=\"elementor-icon-list-text\">avenueapartmentstirana@gmail.com<\/span>\n\t\t\t\t\t\t\t\t\t\t\t<\/a>\n\t\t\t\t\t\t\t\t\t<\/li>\n\t\t\t\t\t\t<\/ul>\n\t\t\t\t\t\t<\/div>\n\t\t\t\t\t<\/div>\n\t\t<\/div>\n\t\t\t\t<div class=\"elementor-column elementor-col-50 elementor-top-column elementor-element elementor-element-4d61706\" data-id=\"4d61706\" data-element_type=\"column\">\n\t\t\t<div class=\"elementor-widget-wrap elementor-element-populated\">\n\t\t\t\t\t\t<div class=\"elementor-element elementor-element-7bd47ccb elementor-widget elementor-widget-WpResidence_Contact_Form\" data-id=\"7bd47ccb\" data-element_type=\"widget\" data-widget_type=\"WpResidence_Contact_Form.default\">\n\t\t\t\t<div class=\"elementor-widget-container\">\n\t\t\t\t\t<div class=\"wpestate_contact_form_parent shortcode_contact_form sh_form_align_left\">\n                <div class=\"alert-message\" id=\"footer_alert-agent-contact_sh\"><\/div><input style=\"background:#ECF7F9 !important;\" placeholder=\"Your Name\" required=\"required\" id=\"foot_contact_name_sh\" name=\"contact_name\" class=\"form-control\" type=\"text\"><input style=\"background:#ECF7F9 !important;\" placeholder=\"Your Email\" required=\"required\" id=\"foot_contact_email_sh\" name=\"contact_email\" class=\"form-control wpestate-form-control-sh\" type=\"email\"><input style=\"background:#ECF7F9 !important;\" placeholder=\"Your Phone\" required=\"required\" id=\"foot_contact_phone_sh\" name=\"contact_phone\" class=\"form-control wpestate-form-control-sh\" type=\"email\"><textarea style=\"background:#ECF7F9 !important;\" placeholder=\"Type your message...\" required=\"required\" id=\"foot_contact_content_sh\" name=\"contact_content\" class=\"form-control wpestate-form-control-sh\" rows=\"4\"><\/textarea><input type=\"hidden\" name=\"contact_ajax_nonce\" id=\"agent_property_ajax_nonce\" value=\"05ad8f3f85\" \/><div class=\"btn-cont\">\n                <button type=\"submit\" id=\"btn-cont-submit_sh\" class=\"wpresidence_button sh_but_1\">Send Message<\/button>\n                <input type=\"hidden\" value=\"\" name=\"contact_to\">\n                <div class=\"bottom-arrow\"><\/div>\n            <\/div>\n        <\/div><style>\n                .shortcode_contact_form textarea::-webkit-input-placeholder,\n                .shortcode_contact_form input::-webkit-input-placeholder {\n                    color:  !important;\n                }\n            <\/style>\n            <script type=\"text\/javascript\">\n                jQuery(document).ready(function(){\n                    wpestate_contact_us_shortcode();\n                });\n            <\/script>\t\t\t\t<\/div>\n\t\t\t\t<\/div>\n\t\t\t\t\t<\/div>\n\t\t<\/div>\n\t\t\t\t\t<\/div>\n\t\t<\/section>\n\t\t<div class=\"elementor-element elementor-element-8d1537f e-con-full e-flex e-con e-parent\" data-id=\"8d1537f\" data-element_type=\"container\">\n\t\t\t\t<div class=\"elementor-element elementor-element-cf48d38 elementor-widget elementor-widget-google_maps\" data-id=\"cf48d38\" data-element_type=\"widget\" data-widget_type=\"google_maps.default\">\n\t\t\t\t\t\t\t<div class=\"elementor-custom-embed\">\n\t\t\t<iframe loading=\"lazy\"\n\t\t\t\t\tsrc=\"https:\/\/maps.google.com\/maps?q=AVENUE%20Real%20Estate%20Albania&#038;t=m&#038;z=10&#038;output=embed&#038;iwloc=near\"\n\t\t\t\t\ttitle=\"AVENUE Real Estate Albania\"\n\t\t\t\t\taria-label=\"AVENUE Real Estate Albania\"\n\t\t\t><\/iframe>\n\t\t<\/div>\n\t\t\t\t\t\t<\/div>\n\t\t\t\t<\/div>\n\t\t\t\t<\/div>","protected":false},"excerpt":{"rendered":"<p>Contact Us Contact us Engage with our professional real estate agents to sell, buy or rent your home.\u00a0 Get emails directly to your inbox and manage the lead with theme built-in CRM.\u00a0 Bajram Curri Blvd 56, Tiran\u00eb, Albania +3550697002229 avenueapartmentstirana@gmail.com Send Message<\/p>","protected":false},"author":1,"featured_media":0,"parent":0,"menu_order":0,"comment_status":"closed","ping_status":"closed","template":"elementor_header_footer","meta":{"inline_featured_image":false,"footnotes":""},"class_list":["post-29111","page","type-page","status-publish","hentry"],"_links":{"self":[{"href":"https:\/\/avenuerealestatealbania.com\/sq\/wp-json\/wp\/v2\/pages\/29111","targetHints":{"allow":["GET"]}}],"collection":[{"href":"https:\/\/avenuerealestatealbania.com\/sq\/wp-json\/wp\/v2\/pages"}],"about":[{"href":"https:\/\/avenuerealestatealbania.com\/sq\/wp-json\/wp\/v2\/types\/page"}],"author":[{"embeddable":true,"href":"https:\/\/avenuerealestatealbania.com\/sq\/wp-json\/wp\/v2\/users\/1"}],"replies":[{"embeddable":true,"href":"https:\/\/avenuerealestatealbania.com\/sq\/wp-json\/wp\/v2\/comments?post=29111"}],"version-history":[{"count":52,"href":"https:\/\/avenuerealestatealbania.com\/sq\/wp-json\/wp\/v2\/pages\/29111\/revisions"}],"predecessor-version":[{"id":31944,"href":"https:\/\/avenuerealestatealbania.com\/sq\/wp-json\/wp\/v2\/pages\/29111\/revisions\/31944"}],"wp:attachment":[{"href":"https:\/\/avenuerealestatealbania.com\/sq\/wp-json\/wp\/v2\/media?parent=29111"}],"curies":[{"name":"wp","href":"https:\/\/api.w.org\/{rel}","templated":true}]}}